{"id":331,"date":"2023-10-24T04:47:58","date_gmt":"2023-10-24T04:47:58","guid":{"rendered":"https:\/\/wordpress.templatetrip.com\/WPTM01\/WPTM004_spicedine\/?page_id=331"},"modified":"2025-02-08T16:30:08","modified_gmt":"2025-02-08T16:30:08","slug":"faq","status":"publish","type":"page","link":"https:\/\/xefnomada.com\/?page_id=331","title":{"rendered":"Faq"},"content":{"rendered":"\t\t<div data-elementor-type=\"wp-page\" data-elementor-id=\"331\" class=\"elementor elementor-331\" data-elementor-post-type=\"page\">\n\t\t\t\t\t\t<section class=\"elementor-section elementor-top-section elementor-element elementor-element-71569112 elementor-section-boxed elementor-section-height-default elementor-section-height-default\" data-id=\"71569112\" data-element_type=\"section\" data-e-type=\"section\">\n\t\t\t\t\t\t<div class=\"elementor-container elementor-column-gap-default\">\n\t\t\t\t\t<div class=\"elementor-column elementor-col-100 elementor-top-column elementor-element elementor-element-e45e2fa\" data-id=\"e45e2fa\" data-element_type=\"column\" data-e-type=\"column\">\n\t\t\t<div class=\"elementor-widget-wrap elementor-element-populated\">\n\t\t\t\t\t\t<div class=\"elementor-element elementor-element-6d536393 hover-img elementor-widget elementor-widget-image\" data-id=\"6d536393\" data-element_type=\"widget\" data-e-type=\"widget\" data-widget_type=\"image.default\">\n\t\t\t\t<div class=\"elementor-widget-container\">\n\t\t\t\t\t\t\t\t\t\t\t\t\t\t\t<img fetchpriority=\"high\" decoding=\"async\" width=\"640\" height=\"294\" src=\"https:\/\/xefnomada.com\/wp-content\/uploads\/2025\/02\/Xef-Nomada-by-Julian-Mascarell_DSC6405_b-768x353.jpg\" class=\"attachment-medium_large size-medium_large wp-image-3152\" alt=\"Xef Nomada Julian Mascarell mirando una gamba\" srcset=\"https:\/\/xefnomada.com\/wp-content\/uploads\/2025\/02\/Xef-Nomada-by-Julian-Mascarell_DSC6405_b-768x353.jpg 768w, https:\/\/xefnomada.com\/wp-content\/uploads\/2025\/02\/Xef-Nomada-by-Julian-Mascarell_DSC6405_b-300x138.jpg 300w, https:\/\/xefnomada.com\/wp-content\/uploads\/2025\/02\/Xef-Nomada-by-Julian-Mascarell_DSC6405_b-1024x471.jpg 1024w, https:\/\/xefnomada.com\/wp-content\/uploads\/2025\/02\/Xef-Nomada-by-Julian-Mascarell_DSC6405_b-1536x706.jpg 1536w, https:\/\/xefnomada.com\/wp-content\/uploads\/2025\/02\/Xef-Nomada-by-Julian-Mascarell_DSC6405_b-2048x942.jpg 2048w\" sizes=\"(max-width: 640px) 100vw, 640px\" \/>\t\t\t\t\t\t\t\t\t\t\t\t\t\t\t<\/div>\n\t\t\t\t<\/div>\n\t\t\t\t\t<\/div>\n\t\t<\/div>\n\t\t\t\t\t<\/div>\n\t\t<\/section>\n\t\t\t\t<section class=\"elementor-section elementor-top-section elementor-element elementor-element-c7cff31 elementor-section-boxed elementor-section-height-default elementor-section-height-default\" data-id=\"c7cff31\" data-element_type=\"section\" data-e-type=\"section\">\n\t\t\t\t\t\t<div class=\"elementor-container elementor-column-gap-default\">\n\t\t\t\t\t<div class=\"elementor-column elementor-col-100 elementor-top-column elementor-element elementor-element-5f579a08\" data-id=\"5f579a08\" data-element_type=\"column\" data-e-type=\"column\">\n\t\t\t<div class=\"elementor-widget-wrap elementor-element-populated\">\n\t\t\t\t\t\t<div class=\"elementor-element elementor-element-6a103d83 elementor-widget elementor-widget-heading\" data-id=\"6a103d83\" data-element_type=\"widget\" data-e-type=\"widget\" data-widget_type=\"heading.default\">\n\t\t\t\t<div class=\"elementor-widget-container\">\n\t\t\t\t\t<h2 class=\"elementor-heading-title elementor-size-default\">En Xef N\u00f3mada, cada experiencia est\u00e1 dise\u00f1ada a medida, pero sabemos que pueden surgir algunas dudas.\n<br \/> Aqu\u00ed respondemos a las m\u00e1s habituales para que te sientas seguro y c\u00f3modo al planificar tu evento gastron\u00f3mico.\n\n<\/h2>\t\t\t\t<\/div>\n\t\t\t\t<\/div>\n\t\t\t\t<div class=\"elementor-element elementor-element-66cfa42c accordian-tab elementor-widget elementor-widget-Accordion\" data-id=\"66cfa42c\" data-element_type=\"widget\" data-e-type=\"widget\" data-widget_type=\"Accordion.default\">\n\t\t\t\t<div class=\"elementor-widget-container\">\n\t\t\t\t\t<div class=\"Spicedine-accordion accordian-tab Spicedine-accordion accordion-style-1 align-icon-right\"><div class=\"Spicedine-accordion-item active\"><div class=\"Spicedine-accordion-header\"><h5 class=\"accordion-tilte\"><span>\u00bfC\u00f3mo se gestionan las alergias o restricciones alimentarias?<\/span><svg xmlns=\"http:\/\/www.w3.org\/2000\/svg\" width=\"24\" height=\"24\" viewBox=\"0 0 24 24\" fill=\"none\" stroke=\"currentColor\" stroke-width=\"2\" stroke-linecap=\"round\" stroke-linejoin=\"round\" class=\"feather feather-chevron-down\"><polyline points=\"6 9 12 15 18 9\"\/><\/svg><\/h5><\/div><div class=\"Spicedine-accordion-content\" style=\"display: none;\"><p>En <strong>Xef N\u00f3mada<\/strong>, la seguridad y el bienestar de nuestros comensales son una prioridad. Por eso, el men\u00fa se elabora de forma completamente personalizada, adapt\u00e1ndonos a cualquier alergia o restricci\u00f3n alimentaria. Retiramos los al\u00e9rgenos necesarios y ajustamos cada plato para que disfrutes de una experiencia gastron\u00f3mica sin preocupaciones.<\/p><h3>\u00a0<\/h3><\/div><\/div><div class=\"Spicedine-accordion-item \"><div class=\"Spicedine-accordion-header\"><h5 class=\"accordion-tilte\"><span>\u00bfEl chef se encarga de la compra de los ingredientes?<\/span><svg xmlns=\"http:\/\/www.w3.org\/2000\/svg\" width=\"24\" height=\"24\" viewBox=\"0 0 24 24\" fill=\"none\" stroke=\"currentColor\" stroke-width=\"2\" stroke-linecap=\"round\" stroke-linejoin=\"round\" class=\"feather feather-chevron-down\"><polyline points=\"6 9 12 15 18 9\"\/><\/svg><\/h5><\/div><div class=\"Spicedine-accordion-content\" style=\"display: none;\"><p>S\u00ed, el chef se ocupa de la selecci\u00f3n y compra de todos los ingredientes, asegurando la m\u00e1xima calidad y frescura. Adem\u00e1s, al finalizar el servicio, la cocina quedar\u00e1 tan limpia y ordenada como al inicio, incluyendo la recogida y organizaci\u00f3n del espacio utilizado.<\/p><h3>\u00a0<\/h3><\/div><\/div><div class=\"Spicedine-accordion-item \"><div class=\"Spicedine-accordion-header\"><h5 class=\"accordion-tilte\"><span>\u00bfEn qu\u00e9 idiomas puede realizarse el servicio?<\/span><svg xmlns=\"http:\/\/www.w3.org\/2000\/svg\" width=\"24\" height=\"24\" viewBox=\"0 0 24 24\" fill=\"none\" stroke=\"currentColor\" stroke-width=\"2\" stroke-linecap=\"round\" stroke-linejoin=\"round\" class=\"feather feather-chevron-down\"><polyline points=\"6 9 12 15 18 9\"\/><\/svg><\/h5><\/div><div class=\"Spicedine-accordion-content\" style=\"display: none;\"><p>Ofrecemos el servicio en <strong>espa\u00f1ol<\/strong>, <strong>ingl\u00e9s<\/strong> y, con un poco de paciencia, tambi\u00e9n en <strong>franc\u00e9s<\/strong>. Aunque la comunicaci\u00f3n en franc\u00e9s puede no ser tan fluida como en ingl\u00e9s, esto no ser\u00e1 un problema para garantizar una experiencia excelente.<\/p><h3>\u00a0<\/h3><\/div><\/div><div class=\"Spicedine-accordion-item \"><div class=\"Spicedine-accordion-header\"><h5 class=\"accordion-tilte\"><span>\u00bfExiste un m\u00ednimo de personas para contratar el servicio?<\/span><svg xmlns=\"http:\/\/www.w3.org\/2000\/svg\" width=\"24\" height=\"24\" viewBox=\"0 0 24 24\" fill=\"none\" stroke=\"currentColor\" stroke-width=\"2\" stroke-linecap=\"round\" stroke-linejoin=\"round\" class=\"feather feather-chevron-down\"><polyline points=\"6 9 12 15 18 9\"\/><\/svg><\/h5><\/div><div class=\"Spicedine-accordion-content\" style=\"display: none;\"><p>No hay un n\u00famero m\u00ednimo de comensales establecido. Sin embargo, cada experiencia cuenta con un <strong>coste m\u00ednimo<\/strong>, a partir del cual se calcula un precio por persona. Dado que cada evento es \u00fanico, tras una reuni\u00f3n previa con el cliente, elaboramos un presupuesto personalizado que se adapta a las necesidades espec\u00edficas de la ocasi\u00f3n.<\/p><h3>\u00a0<\/h3><\/div><\/div><div class=\"Spicedine-accordion-item \"><div class=\"Spicedine-accordion-header\"><h5 class=\"accordion-tilte\"><span>\u00bfEl servicio est\u00e1 disponible para particulares y empresas?<\/span><svg xmlns=\"http:\/\/www.w3.org\/2000\/svg\" width=\"24\" height=\"24\" viewBox=\"0 0 24 24\" fill=\"none\" stroke=\"currentColor\" stroke-width=\"2\" stroke-linecap=\"round\" stroke-linejoin=\"round\" class=\"feather feather-chevron-down\"><polyline points=\"6 9 12 15 18 9\"\/><\/svg><\/h5><\/div><div class=\"Spicedine-accordion-content\" style=\"display: none;\"><p>S\u00ed, trabajamos tanto con <strong>particulares<\/strong> como con <strong>empresas<\/strong>. Ya sea para una cena \u00edntima en casa, un evento corporativo, un showcooking o una experiencia gastron\u00f3mica a gran escala, dise\u00f1amos propuestas adaptadas a cada contexto.<\/p><h3>\u00a0<\/h3><\/div><\/div><div class=\"Spicedine-accordion-item \"><div class=\"Spicedine-accordion-header\"><h5 class=\"accordion-tilte\"><span>\u00bfC\u00f3mo se define el men\u00fa para cada evento?<\/span><svg xmlns=\"http:\/\/www.w3.org\/2000\/svg\" width=\"24\" height=\"24\" viewBox=\"0 0 24 24\" fill=\"none\" stroke=\"currentColor\" stroke-width=\"2\" stroke-linecap=\"round\" stroke-linejoin=\"round\" class=\"feather feather-chevron-down\"><polyline points=\"6 9 12 15 18 9\"\/><\/svg><\/h5><\/div><div class=\"Spicedine-accordion-content\" style=\"display: none;\"><p>Cada men\u00fa se crea de forma personalizada tras la <strong>aceptaci\u00f3n del presupuesto<\/strong>. En este proceso, escuchamos tus gustos, preferencias, restricciones alimentarias y expectativas. Adem\u00e1s, <strong>adaptamos la propuesta al presupuesto de cada cliente<\/strong>, asegurando una experiencia gastron\u00f3mica a medida que combine calidad, creatividad y equilibrio en cada detalle.<\/p><p>\u00a0<\/p><\/div><\/div><div class=\"Spicedine-accordion-item \"><div class=\"Spicedine-accordion-header\"><h5 class=\"accordion-tilte\"><span>\u00bfSe necesita alg\u00fan equipo especial para el servicio en casa?<\/span><svg xmlns=\"http:\/\/www.w3.org\/2000\/svg\" width=\"24\" height=\"24\" viewBox=\"0 0 24 24\" fill=\"none\" stroke=\"currentColor\" stroke-width=\"2\" stroke-linecap=\"round\" stroke-linejoin=\"round\" class=\"feather feather-chevron-down\"><polyline points=\"6 9 12 15 18 9\"\/><\/svg><\/h5><\/div><div class=\"Spicedine-accordion-content\" style=\"display: none;\"><p>En la mayor\u00eda de los casos, podemos trabajar con el equipamiento b\u00e1sico de cualquier cocina dom\u00e9stica. Si el evento requiere alg\u00fan material espec\u00edfico, lo acordaremos previamente para garantizar que todo est\u00e9 perfectamente coordinado.<\/p><h3>\u00a0<\/h3><\/div><\/div><div class=\"Spicedine-accordion-item \"><div class=\"Spicedine-accordion-header\"><h5 class=\"accordion-tilte\"><span>\u00bfCu\u00e1nto tiempo antes debo reservar un servicio?<\/span><svg xmlns=\"http:\/\/www.w3.org\/2000\/svg\" width=\"24\" height=\"24\" viewBox=\"0 0 24 24\" fill=\"none\" stroke=\"currentColor\" stroke-width=\"2\" stroke-linecap=\"round\" stroke-linejoin=\"round\" class=\"feather feather-chevron-down\"><polyline points=\"6 9 12 15 18 9\"\/><\/svg><\/h5><\/div><div class=\"Spicedine-accordion-content\" style=\"display: none;\"><p>Recomendamos realizar la reserva con la mayor antelaci\u00f3n posible, especialmente si se trata de fechas se\u00f1aladas o eventos de gran envergadura. Adem\u00e1s, realizamos servicios para un m\u00e1ximo de <strong>25 personas aproximadamente<\/strong>, dependiendo del tipo de experiencia gastron\u00f3mica. Si tienes dudas sobre la capacidad para tu evento, <strong>cont\u00e1ctanos<\/strong> y estaremos encantados de asesorarte.<\/p><p>\u00a0<\/p><\/div><\/div><div class=\"Spicedine-accordion-item \"><div class=\"Spicedine-accordion-header\"><h5 class=\"accordion-tilte\"><span> \u00bfXef N\u00f3mada ofrece servicios para eventos internacionales?<\/span><svg xmlns=\"http:\/\/www.w3.org\/2000\/svg\" width=\"24\" height=\"24\" viewBox=\"0 0 24 24\" fill=\"none\" stroke=\"currentColor\" stroke-width=\"2\" stroke-linecap=\"round\" stroke-linejoin=\"round\" class=\"feather feather-chevron-down\"><polyline points=\"6 9 12 15 18 9\"\/><\/svg><\/h5><\/div><div class=\"Spicedine-accordion-content\" style=\"display: none;\"><p>S\u00ed, el enfoque n\u00f3mada de nuestro proyecto nos permite adaptarnos a eventos tanto nacionales como internacionales. El chef est\u00e1 habituado a trabajar en contextos multiculturales, lo que facilita la organizaci\u00f3n de experiencias gastron\u00f3micas en cualquier parte del mundo.<\/p><h3>\u00a0<\/h3><\/div><\/div><div class=\"Spicedine-accordion-item \"><div class=\"Spicedine-accordion-header\"><h5 class=\"accordion-tilte\"><span>\u00bfC\u00f3mo puedo solicitar un presupuesto?<\/span><svg xmlns=\"http:\/\/www.w3.org\/2000\/svg\" width=\"24\" height=\"24\" viewBox=\"0 0 24 24\" fill=\"none\" stroke=\"currentColor\" stroke-width=\"2\" stroke-linecap=\"round\" stroke-linejoin=\"round\" class=\"feather feather-chevron-down\"><polyline points=\"6 9 12 15 18 9\"\/><\/svg><\/h5><\/div><div class=\"Spicedine-accordion-content\" style=\"display: none;\"><p>Solo tienes que <strong>agendar una reuni\u00f3n online de 30 minutos<\/strong>. En este encuentro, conoceremos tus necesidades, el tipo de evento que deseas organizar y todos los detalles importantes. A partir de ah\u00ed, elaboraremos un presupuesto personalizado adaptado a tu experiencia.<\/p><\/div><\/div><\/div>\t\t\t\t<\/div>\n\t\t\t\t<\/div>\n\t\t\t\t\t<\/div>\n\t\t<\/div>\n\t\t\t\t\t<\/div>\n\t\t<\/section>\n\t\t\t\t<\/div>\n\t\t","protected":false},"excerpt":{"rendered":"<p>En Xef N\u00f3mada, cada experiencia est\u00e1 dise\u00f1ada a medida, pero sabemos que pueden surgir algunas dudas. Aqu\u00ed respondemos a las [&hellip;]<\/p>\n","protected":false},"author":1,"featured_media":0,"parent":0,"menu_order":0,"comment_status":"closed","ping_status":"closed","template":"","meta":{"footnotes":""},"class_list":["post-331","page","type-page","status-publish","hentry"],"yoast_head":"<!-- This site is optimized with the Yoast SEO plugin v27.3 - https:\/\/yoast.com\/product\/yoast-seo-wordpress\/ -->\n<title>Faq - Xef Nomada<\/title>\n<meta name=\"robots\" content=\"index, follow, max-snippet:-1, max-image-preview:large, max-video-preview:-1\" \/>\n<link rel=\"canonical\" href=\"https:\/\/xefnomada.com\/?page_id=331\" \/>\n<meta property=\"og:locale\" content=\"es_ES\" \/>\n<meta property=\"og:type\" content=\"article\" \/>\n<meta property=\"og:title\" content=\"Faq - Xef Nomada\" \/>\n<meta property=\"og:description\" content=\"En Xef N\u00f3mada, cada experiencia est\u00e1 dise\u00f1ada a medida, pero sabemos que pueden surgir algunas dudas. Aqu\u00ed respondemos a las [&hellip;]\" \/>\n<meta property=\"og:url\" content=\"https:\/\/xefnomada.com\/?page_id=331\" \/>\n<meta property=\"og:site_name\" content=\"Xef Nomada\" \/>\n<meta property=\"article:modified_time\" content=\"2025-02-08T16:30:08+00:00\" \/>\n<meta property=\"og:image\" content=\"https:\/\/xefnomada.com\/wp-content\/uploads\/2025\/02\/Xef-Nomada-by-Julian-Mascarell_DSC6405_b-768x353.jpg\" \/>\n<meta name=\"twitter:card\" content=\"summary_large_image\" \/>\n<meta name=\"twitter:label1\" content=\"Tiempo de lectura\" \/>\n\t<meta name=\"twitter:data1\" content=\"3 minutos\" \/>\n<script type=\"application\/ld+json\" class=\"yoast-schema-graph\">{\"@context\":\"https:\\\/\\\/schema.org\",\"@graph\":[{\"@type\":\"WebPage\",\"@id\":\"https:\\\/\\\/xefnomada.com\\\/?page_id=331\",\"url\":\"https:\\\/\\\/xefnomada.com\\\/?page_id=331\",\"name\":\"Faq - Xef Nomada\",\"isPartOf\":{\"@id\":\"https:\\\/\\\/xefnomada.com\\\/#website\"},\"primaryImageOfPage\":{\"@id\":\"https:\\\/\\\/xefnomada.com\\\/?page_id=331#primaryimage\"},\"image\":{\"@id\":\"https:\\\/\\\/xefnomada.com\\\/?page_id=331#primaryimage\"},\"thumbnailUrl\":\"https:\\\/\\\/xefnomada.com\\\/wp-content\\\/uploads\\\/2025\\\/02\\\/Xef-Nomada-by-Julian-Mascarell_DSC6405_b-768x353.jpg\",\"datePublished\":\"2023-10-24T04:47:58+00:00\",\"dateModified\":\"2025-02-08T16:30:08+00:00\",\"breadcrumb\":{\"@id\":\"https:\\\/\\\/xefnomada.com\\\/?page_id=331#breadcrumb\"},\"inLanguage\":\"es\",\"potentialAction\":[{\"@type\":\"ReadAction\",\"target\":[\"https:\\\/\\\/xefnomada.com\\\/?page_id=331\"]}]},{\"@type\":\"ImageObject\",\"inLanguage\":\"es\",\"@id\":\"https:\\\/\\\/xefnomada.com\\\/?page_id=331#primaryimage\",\"url\":\"https:\\\/\\\/xefnomada.com\\\/wp-content\\\/uploads\\\/2025\\\/02\\\/Xef-Nomada-by-Julian-Mascarell_DSC6405_b-scaled.jpg\",\"contentUrl\":\"https:\\\/\\\/xefnomada.com\\\/wp-content\\\/uploads\\\/2025\\\/02\\\/Xef-Nomada-by-Julian-Mascarell_DSC6405_b-scaled.jpg\",\"width\":2560,\"height\":1177,\"caption\":\"Xef Nomada Julian Mascarell mirando una gamba\"},{\"@type\":\"BreadcrumbList\",\"@id\":\"https:\\\/\\\/xefnomada.com\\\/?page_id=331#breadcrumb\",\"itemListElement\":[{\"@type\":\"ListItem\",\"position\":1,\"name\":\"Portada\",\"item\":\"https:\\\/\\\/xefnomada.com\\\/\"},{\"@type\":\"ListItem\",\"position\":2,\"name\":\"Faq\"}]},{\"@type\":\"WebSite\",\"@id\":\"https:\\\/\\\/xefnomada.com\\\/#website\",\"url\":\"https:\\\/\\\/xefnomada.com\\\/\",\"name\":\"Xef Nomada\",\"description\":\"by Juli\u00e1n Mascarell\",\"potentialAction\":[{\"@type\":\"SearchAction\",\"target\":{\"@type\":\"EntryPoint\",\"urlTemplate\":\"https:\\\/\\\/xefnomada.com\\\/?s={search_term_string}\"},\"query-input\":{\"@type\":\"PropertyValueSpecification\",\"valueRequired\":true,\"valueName\":\"search_term_string\"}}],\"inLanguage\":\"es\"}]}<\/script>\n<!-- \/ Yoast SEO plugin. -->","yoast_head_json":{"title":"Faq - Xef Nomada","robots":{"index":"index","follow":"follow","max-snippet":"max-snippet:-1","max-image-preview":"max-image-preview:large","max-video-preview":"max-video-preview:-1"},"canonical":"https:\/\/xefnomada.com\/?page_id=331","og_locale":"es_ES","og_type":"article","og_title":"Faq - Xef Nomada","og_description":"En Xef N\u00f3mada, cada experiencia est\u00e1 dise\u00f1ada a medida, pero sabemos que pueden surgir algunas dudas. Aqu\u00ed respondemos a las [&hellip;]","og_url":"https:\/\/xefnomada.com\/?page_id=331","og_site_name":"Xef Nomada","article_modified_time":"2025-02-08T16:30:08+00:00","og_image":[{"url":"https:\/\/xefnomada.com\/wp-content\/uploads\/2025\/02\/Xef-Nomada-by-Julian-Mascarell_DSC6405_b-768x353.jpg","type":"","width":"","height":""}],"twitter_card":"summary_large_image","twitter_misc":{"Tiempo de lectura":"3 minutos"},"schema":{"@context":"https:\/\/schema.org","@graph":[{"@type":"WebPage","@id":"https:\/\/xefnomada.com\/?page_id=331","url":"https:\/\/xefnomada.com\/?page_id=331","name":"Faq - Xef Nomada","isPartOf":{"@id":"https:\/\/xefnomada.com\/#website"},"primaryImageOfPage":{"@id":"https:\/\/xefnomada.com\/?page_id=331#primaryimage"},"image":{"@id":"https:\/\/xefnomada.com\/?page_id=331#primaryimage"},"thumbnailUrl":"https:\/\/xefnomada.com\/wp-content\/uploads\/2025\/02\/Xef-Nomada-by-Julian-Mascarell_DSC6405_b-768x353.jpg","datePublished":"2023-10-24T04:47:58+00:00","dateModified":"2025-02-08T16:30:08+00:00","breadcrumb":{"@id":"https:\/\/xefnomada.com\/?page_id=331#breadcrumb"},"inLanguage":"es","potentialAction":[{"@type":"ReadAction","target":["https:\/\/xefnomada.com\/?page_id=331"]}]},{"@type":"ImageObject","inLanguage":"es","@id":"https:\/\/xefnomada.com\/?page_id=331#primaryimage","url":"https:\/\/xefnomada.com\/wp-content\/uploads\/2025\/02\/Xef-Nomada-by-Julian-Mascarell_DSC6405_b-scaled.jpg","contentUrl":"https:\/\/xefnomada.com\/wp-content\/uploads\/2025\/02\/Xef-Nomada-by-Julian-Mascarell_DSC6405_b-scaled.jpg","width":2560,"height":1177,"caption":"Xef Nomada Julian Mascarell mirando una gamba"},{"@type":"BreadcrumbList","@id":"https:\/\/xefnomada.com\/?page_id=331#breadcrumb","itemListElement":[{"@type":"ListItem","position":1,"name":"Portada","item":"https:\/\/xefnomada.com\/"},{"@type":"ListItem","position":2,"name":"Faq"}]},{"@type":"WebSite","@id":"https:\/\/xefnomada.com\/#website","url":"https:\/\/xefnomada.com\/","name":"Xef Nomada","description":"by Juli\u00e1n Mascarell","potentialAction":[{"@type":"SearchAction","target":{"@type":"EntryPoint","urlTemplate":"https:\/\/xefnomada.com\/?s={search_term_string}"},"query-input":{"@type":"PropertyValueSpecification","valueRequired":true,"valueName":"search_term_string"}}],"inLanguage":"es"}]}},"_links":{"self":[{"href":"https:\/\/xefnomada.com\/index.php?rest_route=\/wp\/v2\/pages\/331","targetHints":{"allow":["GET"]}}],"collection":[{"href":"https:\/\/xefnomada.com\/index.php?rest_route=\/wp\/v2\/pages"}],"about":[{"href":"https:\/\/xefnomada.com\/index.php?rest_route=\/wp\/v2\/types\/page"}],"author":[{"embeddable":true,"href":"https:\/\/xefnomada.com\/index.php?rest_route=\/wp\/v2\/users\/1"}],"replies":[{"embeddable":true,"href":"https:\/\/xefnomada.com\/index.php?rest_route=%2Fwp%2Fv2%2Fcomments&post=331"}],"version-history":[{"count":7,"href":"https:\/\/xefnomada.com\/index.php?rest_route=\/wp\/v2\/pages\/331\/revisions"}],"predecessor-version":[{"id":3214,"href":"https:\/\/xefnomada.com\/index.php?rest_route=\/wp\/v2\/pages\/331\/revisions\/3214"}],"wp:attachment":[{"href":"https:\/\/xefnomada.com\/index.php?rest_route=%2Fwp%2Fv2%2Fmedia&parent=331"}],"curies":[{"name":"wp","href":"https:\/\/api.w.org\/{rel}","templated":true}]}}