{"id":303,"date":"2023-10-24T04:44:09","date_gmt":"2023-10-24T04:44:09","guid":{"rendered":"https:\/\/wordpress.templatetrip.com\/WPTM01\/WPTM004_spicedine\/?page_id=303"},"modified":"2025-02-10T12:32:23","modified_gmt":"2025-02-10T12:32:23","slug":"showcooking","status":"publish","type":"page","link":"https:\/\/xefnomada.com\/?page_id=303","title":{"rendered":"Showcooking"},"content":{"rendered":"\t\t<div data-elementor-type=\"wp-page\" data-elementor-id=\"303\" class=\"elementor elementor-303\" data-elementor-post-type=\"page\">\n\t\t\t\t\t\t<section class=\"elementor-section elementor-top-section elementor-element elementor-element-18fdf516 elementor-section-content-middle elementor-section-boxed elementor-section-height-default elementor-section-height-default elementor-invisible\" data-id=\"18fdf516\" data-element_type=\"section\" data-e-type=\"section\" data-settings=\"{&quot;animation&quot;:&quot;fadeInUp&quot;}\">\n\t\t\t\t\t\t<div class=\"elementor-container elementor-column-gap-default\">\n\t\t\t\t\t<div class=\"elementor-column elementor-col-50 elementor-top-column elementor-element elementor-element-54397ee7\" data-id=\"54397ee7\" data-element_type=\"column\" data-e-type=\"column\">\n\t\t\t<div class=\"elementor-widget-wrap elementor-element-populated\">\n\t\t\t\t\t\t<section class=\"elementor-section elementor-inner-section elementor-element elementor-element-16ec4d25 elementor-section-boxed elementor-section-height-default elementor-section-height-default\" data-id=\"16ec4d25\" data-element_type=\"section\" data-e-type=\"section\">\n\t\t\t\t\t\t<div class=\"elementor-container elementor-column-gap-default\">\n\t\t\t\t\t<div class=\"elementor-column elementor-col-50 elementor-inner-column elementor-element elementor-element-60d12132\" data-id=\"60d12132\" data-element_type=\"column\" data-e-type=\"column\">\n\t\t\t<div class=\"elementor-widget-wrap elementor-element-populated\">\n\t\t\t\t\t\t<div class=\"elementor-element elementor-element-52ccb089 hover-img elementor-widget elementor-widget-image\" data-id=\"52ccb089\" data-element_type=\"widget\" data-e-type=\"widget\" data-widget_type=\"image.default\">\n\t\t\t\t<div class=\"elementor-widget-container\">\n\t\t\t\t\t\t\t\t\t\t\t\t\t\t\t<img fetchpriority=\"high\" decoding=\"async\" width=\"640\" height=\"853\" src=\"https:\/\/xefnomada.com\/wp-content\/uploads\/2025\/02\/showcooking-768x1024.jpg\" class=\"attachment-large size-large wp-image-2914\" alt=\"Xef Nomada Julian Mascarell en un showcooking\" srcset=\"https:\/\/xefnomada.com\/wp-content\/uploads\/2025\/02\/showcooking-768x1024.jpg 768w, https:\/\/xefnomada.com\/wp-content\/uploads\/2025\/02\/showcooking-225x300.jpg 225w, https:\/\/xefnomada.com\/wp-content\/uploads\/2025\/02\/showcooking-1152x1536.jpg 1152w, https:\/\/xefnomada.com\/wp-content\/uploads\/2025\/02\/showcooking.jpg 1536w\" sizes=\"(max-width: 640px) 100vw, 640px\" \/>\t\t\t\t\t\t\t\t\t\t\t\t\t\t\t<\/div>\n\t\t\t\t<\/div>\n\t\t\t\t\t<\/div>\n\t\t<\/div>\n\t\t\t\t<div class=\"elementor-column elementor-col-50 elementor-inner-column elementor-element elementor-element-3b3be1c3 elementor-hidden-mobile\" data-id=\"3b3be1c3\" data-element_type=\"column\" data-e-type=\"column\">\n\t\t\t<div class=\"elementor-widget-wrap elementor-element-populated\">\n\t\t\t\t\t\t<div class=\"elementor-element elementor-element-74bf88d3 hover-img elementor-widget elementor-widget-image\" data-id=\"74bf88d3\" data-element_type=\"widget\" data-e-type=\"widget\" data-widget_type=\"image.default\">\n\t\t\t\t<div class=\"elementor-widget-container\">\n\t\t\t\t\t\t\t\t\t\t\t\t\t\t\t<img decoding=\"async\" width=\"640\" height=\"853\" src=\"https:\/\/xefnomada.com\/wp-content\/uploads\/2025\/02\/showcooking2-768x1024.jpg\" class=\"attachment-large size-large wp-image-2915\" alt=\"Xef Nomada Julian Mascarell explicando su showcooking\" srcset=\"https:\/\/xefnomada.com\/wp-content\/uploads\/2025\/02\/showcooking2-768x1024.jpg 768w, https:\/\/xefnomada.com\/wp-content\/uploads\/2025\/02\/showcooking2-225x300.jpg 225w, https:\/\/xefnomada.com\/wp-content\/uploads\/2025\/02\/showcooking2-1152x1536.jpg 1152w, https:\/\/xefnomada.com\/wp-content\/uploads\/2025\/02\/showcooking2.jpg 1536w\" sizes=\"(max-width: 640px) 100vw, 640px\" \/>\t\t\t\t\t\t\t\t\t\t\t\t\t\t\t<\/div>\n\t\t\t\t<\/div>\n\t\t\t\t\t<\/div>\n\t\t<\/div>\n\t\t\t\t\t<\/div>\n\t\t<\/section>\n\t\t\t\t\t<\/div>\n\t\t<\/div>\n\t\t\t\t<div class=\"elementor-column elementor-col-50 elementor-top-column elementor-element elementor-element-449bf2e1 text-margin\" data-id=\"449bf2e1\" data-element_type=\"column\" data-e-type=\"column\">\n\t\t\t<div class=\"elementor-widget-wrap elementor-element-populated\">\n\t\t\t\t\t\t<div class=\"elementor-element elementor-element-2bf6fa35 elementor-widget elementor-widget-heading\" data-id=\"2bf6fa35\" data-element_type=\"widget\" data-e-type=\"widget\" data-widget_type=\"heading.default\">\n\t\t\t\t<div class=\"elementor-widget-container\">\n\t\t\t\t\t<h1 class=\"elementor-heading-title elementor-size-default\">Cocinar es un Espect\u00e1culo, Degustarlo es un Viaje\n<\/h1>\t\t\t\t<\/div>\n\t\t\t\t<\/div>\n\t\t\t\t<div class=\"elementor-element elementor-element-36ac4143 elementor-widget__width-inherit elementor-widget elementor-widget-text-editor\" data-id=\"36ac4143\" data-element_type=\"widget\" data-e-type=\"widget\" data-widget_type=\"text-editor.default\">\n\t\t\t\t<div class=\"elementor-widget-container\">\n\t\t\t\t\t\t\t\t\t<p>El servicio de <strong>Showcooking de Xef N\u00f3mada<\/strong> transforma la cocina en una experiencia sensorial que va m\u00e1s all\u00e1 del plato. No se trata solo de cocinar, sino de contar historias a trav\u00e9s de los ingredientes, las t\u00e9cnicas y la pasi\u00f3n que Juli\u00e1n Mascarell aporta a cada demostraci\u00f3n.<\/p><p>Desde <strong>eventos privados<\/strong> hasta <strong>ferias comerciales<\/strong>, pasando por <strong>presentaciones de productos<\/strong> o <strong>eventos corporativos<\/strong>, el showcooking se adapta a cada contexto, creando un momento \u00fanico donde la gastronom\u00eda se convierte en el centro de atenci\u00f3n. Cada experiencia est\u00e1 dise\u00f1ada para sorprender, inspirar y conectar con el p\u00fablico de una manera aut\u00e9ntica.<\/p>\t\t\t\t\t\t\t\t<\/div>\n\t\t\t\t<\/div>\n\t\t\t\t\t<\/div>\n\t\t<\/div>\n\t\t\t\t\t<\/div>\n\t\t<\/section>\n\t\t<div class=\"elementor-element elementor-element-26dd9b3c e-flex e-con-boxed e-con e-parent\" data-id=\"26dd9b3c\" data-element_type=\"container\" data-e-type=\"container\">\n\t\t\t\t\t<div class=\"e-con-inner\">\n\t\t<div class=\"elementor-element elementor-element-339d0b9d e-con-full e-flex e-con e-child\" data-id=\"339d0b9d\" data-element_type=\"container\" data-e-type=\"container\">\n\t\t\t\t<div class=\"elementor-element elementor-element-40bc0c19 elementor-widget elementor-widget-heading\" data-id=\"40bc0c19\" data-element_type=\"widget\" data-e-type=\"widget\" data-widget_type=\"heading.default\">\n\t\t\t\t<div class=\"elementor-widget-container\">\n\t\t\t\t\t<h2 class=\"elementor-heading-title elementor-size-default\">Personalizaci\u00f3n Total: La Experiencia Se Dise\u00f1a Contigo\n<\/h2>\t\t\t\t<\/div>\n\t\t\t\t<\/div>\n\t\t\t\t<div class=\"elementor-element elementor-element-4af04c28 elementor-widget elementor-widget-text-editor\" data-id=\"4af04c28\" data-element_type=\"widget\" data-e-type=\"widget\" data-widget_type=\"text-editor.default\">\n\t\t\t\t<div class=\"elementor-widget-container\">\n\t\t\t\t\t\t\t\t\t<p>En <strong>Xef N\u00f3mada<\/strong>, entendemos que cada evento tiene un prop\u00f3sito diferente. Por eso, el showcooking se personaliza al 100 %, adapt\u00e1ndose al objetivo de cada cliente:<\/p><ul><li>\u00bfQuieres <strong>entretener<\/strong> y fascinar a tu audiencia?<\/li><li>\u00bfBuscas destacar la <strong>versatilidad de un producto<\/strong> o mostrar c\u00f3mo brilla en su m\u00e1ximo esplendor?<\/li><li>\u00bfNecesitas una demostraci\u00f3n que realce el rendimiento de un <strong>material culinario<\/strong> o equipo profesional?<\/li><\/ul><p>Sea cual sea la meta, el showcooking se convierte en una herramienta poderosa para transmitir emociones, valores de marca o simplemente, para hacer que el p\u00fablico disfrute de una experiencia inolvidable. <strong>La interacci\u00f3n, el formato y el enfoque se definen contigo<\/strong>, en una reuni\u00f3n previa donde establecemos todos los detalles para ofrecerte un presupuesto a medida.<\/p>\t\t\t\t\t\t\t\t<\/div>\n\t\t\t\t<\/div>\n\t\t\t\t<div class=\"elementor-element elementor-element-ee884e5 elementor-align-center elementor-widget elementor-widget-button\" data-id=\"ee884e5\" data-element_type=\"widget\" data-e-type=\"widget\" data-widget_type=\"button.default\">\n\t\t\t\t<div class=\"elementor-widget-container\">\n\t\t\t\t\t\t\t\t\t<div class=\"elementor-button-wrapper\">\n\t\t\t\t\t<a class=\"elementor-button elementor-button-link elementor-size-sm\" href=\"https:\/\/xefnomada.com\/contacto\/#oido\">\n\t\t\t\t\t\t<span class=\"elementor-button-content-wrapper\">\n\t\t\t\t\t\t\t\t\t<span class=\"elementor-button-text\">H\u00e1blanos de tu evento<\/span>\n\t\t\t\t\t<\/span>\n\t\t\t\t\t<\/a>\n\t\t\t\t<\/div>\n\t\t\t\t\t\t\t\t<\/div>\n\t\t\t\t<\/div>\n\t\t\t\t<\/div>\n\t\t<div class=\"elementor-element elementor-element-4fb96e06 e-con-full e-flex e-con e-child\" data-id=\"4fb96e06\" data-element_type=\"container\" data-e-type=\"container\">\n\t\t<div class=\"elementor-element elementor-element-1807a7df e-flex e-con-boxed e-con e-child\" data-id=\"1807a7df\" data-element_type=\"container\" data-e-type=\"container\">\n\t\t\t\t\t<div class=\"e-con-inner\">\n\t\t\t\t<div class=\"elementor-element elementor-element-764d5ce3 elementor-absolute frame frame-right elementor-widget-laptop__width-initial elementor-widget elementor-widget-image\" data-id=\"764d5ce3\" data-element_type=\"widget\" data-e-type=\"widget\" data-settings=\"{&quot;_position&quot;:&quot;absolute&quot;}\" data-widget_type=\"image.default\">\n\t\t\t\t<div class=\"elementor-widget-container\">\n\t\t\t\t\t\t\t\t\t\t\t\t\t\t\t<img decoding=\"async\" width=\"200\" height=\"300\" src=\"https:\/\/xefnomada.com\/wp-content\/uploads\/2025\/02\/DSC5069-200x300.jpg\" class=\"attachment-medium size-medium wp-image-2918\" alt=\"Primer plano de diferentes paellas\" srcset=\"https:\/\/xefnomada.com\/wp-content\/uploads\/2025\/02\/DSC5069-200x300.jpg 200w, https:\/\/xefnomada.com\/wp-content\/uploads\/2025\/02\/DSC5069-684x1024.jpg 684w, https:\/\/xefnomada.com\/wp-content\/uploads\/2025\/02\/DSC5069-768x1151.jpg 768w, https:\/\/xefnomada.com\/wp-content\/uploads\/2025\/02\/DSC5069-1025x1536.jpg 1025w, https:\/\/xefnomada.com\/wp-content\/uploads\/2025\/02\/DSC5069.jpg 1367w\" sizes=\"(max-width: 200px) 100vw, 200px\" \/>\t\t\t\t\t\t\t\t\t\t\t\t\t\t\t<\/div>\n\t\t\t\t<\/div>\n\t\t\t\t<div class=\"elementor-element elementor-element-9373b31 frame elementor-widget elementor-widget-image\" data-id=\"9373b31\" data-element_type=\"widget\" data-e-type=\"widget\" data-widget_type=\"image.default\">\n\t\t\t\t<div class=\"elementor-widget-container\">\n\t\t\t\t\t\t\t\t\t\t\t\t\t\t\t<img loading=\"lazy\" decoding=\"async\" width=\"640\" height=\"800\" src=\"https:\/\/xefnomada.com\/wp-content\/uploads\/2025\/02\/showcoking3-819x1024.jpg\" class=\"attachment-large size-large wp-image-2963\" alt=\"Xef Nomada Julian Mascarell en una preparaci\u00f3n de showcooking\" srcset=\"https:\/\/xefnomada.com\/wp-content\/uploads\/2025\/02\/showcoking3-819x1024.jpg 819w, https:\/\/xefnomada.com\/wp-content\/uploads\/2025\/02\/showcoking3-240x300.jpg 240w, https:\/\/xefnomada.com\/wp-content\/uploads\/2025\/02\/showcoking3-768x961.jpg 768w, https:\/\/xefnomada.com\/wp-content\/uploads\/2025\/02\/showcoking3-1228x1536.jpg 1228w, https:\/\/xefnomada.com\/wp-content\/uploads\/2025\/02\/showcoking3.jpg 1279w\" sizes=\"(max-width: 640px) 100vw, 640px\" \/>\t\t\t\t\t\t\t\t\t\t\t\t\t\t\t<\/div>\n\t\t\t\t<\/div>\n\t\t\t\t\t<\/div>\n\t\t\t\t<\/div>\n\t\t\t\t<\/div>\n\t\t<div class=\"elementor-element elementor-element-24a05725 e-con-full elementor-hidden-mobile e-flex e-con e-child\" data-id=\"24a05725\" data-element_type=\"container\" data-e-type=\"container\">\n\t\t<div class=\"elementor-element elementor-element-55c7a814 e-flex e-con-boxed e-con e-child\" data-id=\"55c7a814\" data-element_type=\"container\" data-e-type=\"container\">\n\t\t\t\t\t<div class=\"e-con-inner\">\n\t\t\t\t<div class=\"elementor-element elementor-element-19721e7e frame elementor-widget elementor-widget-image\" data-id=\"19721e7e\" data-element_type=\"widget\" data-e-type=\"widget\" data-widget_type=\"image.default\">\n\t\t\t\t<div class=\"elementor-widget-container\">\n\t\t\t\t\t\t\t\t\t\t\t\t\t\t\t<img loading=\"lazy\" decoding=\"async\" width=\"240\" height=\"300\" src=\"https:\/\/xefnomada.com\/wp-content\/uploads\/2025\/02\/Xef-Nomada-Julian-Mascarell_DSC3732-240x300.jpg\" class=\"attachment-medium size-medium wp-image-3224\" alt=\"Xef Nomada Julian Mascarell posando junto a una paella\" srcset=\"https:\/\/xefnomada.com\/wp-content\/uploads\/2025\/02\/Xef-Nomada-Julian-Mascarell_DSC3732-240x300.jpg 240w, https:\/\/xefnomada.com\/wp-content\/uploads\/2025\/02\/Xef-Nomada-Julian-Mascarell_DSC3732-819x1024.jpg 819w, https:\/\/xefnomada.com\/wp-content\/uploads\/2025\/02\/Xef-Nomada-Julian-Mascarell_DSC3732-768x960.jpg 768w, https:\/\/xefnomada.com\/wp-content\/uploads\/2025\/02\/Xef-Nomada-Julian-Mascarell_DSC3732-1229x1536.jpg 1229w, https:\/\/xefnomada.com\/wp-content\/uploads\/2025\/02\/Xef-Nomada-Julian-Mascarell_DSC3732.jpg 1638w\" sizes=\"(max-width: 240px) 100vw, 240px\" \/>\t\t\t\t\t\t\t\t\t\t\t\t\t\t\t<\/div>\n\t\t\t\t<\/div>\n\t\t\t\t\t<\/div>\n\t\t\t\t<\/div>\n\t\t\t\t<\/div>\n\t\t\t\t\t<\/div>\n\t\t\t\t<\/div>\n\t\t<div class=\"elementor-element elementor-element-45f9c407 e-flex e-con-boxed e-con e-parent\" data-id=\"45f9c407\" data-element_type=\"container\" data-e-type=\"container\">\n\t\t\t\t\t<div class=\"e-con-inner\">\n\t\t\t\t<div class=\"elementor-element elementor-element-2c99a4c1 elementor-widget elementor-widget-ServiceBox\" data-id=\"2c99a4c1\" data-element_type=\"widget\" data-e-type=\"widget\" data-widget_type=\"ServiceBox.default\">\n\t\t\t\t<div class=\"elementor-widget-container\">\n\t\t\t\t\t\t\t\t<div class=\"service-block swiper swiper-slider\" data-id=\"service-block\" id=\"service-block\">\n\t\t\t\t<div class=\"swiper-wrapper style-1\" data-desk=\"3\" data-laptop=\"3\" data-tablet=\"2\" data-mobile=\"1\" data-autoplay=\"false\" data-loop=\"false\" data-margin=\"0\" data-speed=\"1500\" >\n\t\t\t\t\t\n\t\t\t\t\t\t\t<div class=\"swiper-slide\">\n\t\t\t\t\t\t\t\t<div class=\"service-box-inner\">\n\t\t\t\t\t\t\t\t\t\t\t\t\t\t\t\t<div class=\"tt-feature-box-containt\">\n\t\t\t\t\t\t\t\t\t<div class=\"tt-box-border\">\n\t\t\t\t\t\t\t\t\t\t\t\t\t\t\t\t\t\t<h3 class=\"tt-feature-box-title\"> Versatilidad<\/h3>\n\t\t\t\t\t\t\t\t\t\t\t\t\t\t\t\t\t\t<\/div>\n\t\t\t\t\t\t\t\t\t\t\t\t\t\t\t\t\t\t<p>Cada showcooking se adapta al evento, creando una experiencia \u00fanica y personalizada.\n\n<\/p>\n\t\t\t\t\t\t\t\t\t\t\t\t\t\t\t\t\t<\/div>\n\t\t\t\t\t\t\t\t<\/div>\n\t\t\t\t\t\t\t<\/div>\n\t\t\t\t\t\t\t<div class=\"swiper-slide\">\n\t\t\t\t\t\t\t\t<div class=\"service-box-inner\">\n\t\t\t\t\t\t\t\t\t\t\t\t\t\t\t\t<div class=\"tt-feature-box-containt\">\n\t\t\t\t\t\t\t\t\t<div class=\"tt-box-border\">\n\t\t\t\t\t\t\t\t\t\t\t\t\t\t\t\t\t\t<h3 class=\"tt-feature-box-title\"> Cultura<\/h3>\n\t\t\t\t\t\t\t\t\t\t\t\t\t\t\t\t\t\t<\/div>\n\t\t\t\t\t\t\t\t\t\t\t\t\t\t\t\t\t\t<p>Fusionamos t\u00e9cnicas y estilos de todo el mundo para transmitir tu mensaje.\n\n<\/p>\n\t\t\t\t\t\t\t\t\t\t\t\t\t\t\t\t\t<\/div>\n\t\t\t\t\t\t\t\t<\/div>\n\t\t\t\t\t\t\t<\/div>\n\t\t\t\t\t\t\t<div class=\"swiper-slide\">\n\t\t\t\t\t\t\t\t<div class=\"service-box-inner\">\n\t\t\t\t\t\t\t\t\t\t\t\t\t\t\t\t<div class=\"tt-feature-box-containt\">\n\t\t\t\t\t\t\t\t\t<div class=\"tt-box-border\">\n\t\t\t\t\t\t\t\t\t\t\t\t\t\t\t\t\t\t<h3 class=\"tt-feature-box-title\"> Impacto<\/h3>\n\t\t\t\t\t\t\t\t\t\t\t\t\t\t\t\t\t\t<\/div>\n\t\t\t\t\t\t\t\t\t\t\t\t\t\t\t\t\t\t<p>Una experiencia que conecta, emociona y deja una huella memorable.<\/p>\n\t\t\t\t\t\t\t\t\t\t\t\t\t\t\t\t\t<\/div>\n\t\t\t\t\t\t\t\t<\/div>\n\t\t\t\t\t\t\t<\/div>\t\t\t <\/div>\n\t\t\t \t\t <\/div>\n\t\t \t\t\t\t\t\t<\/div>\n\t\t\t\t<\/div>\n\t\t\t\t\t<\/div>\n\t\t\t\t<\/div>\n\t\t<div class=\"elementor-element elementor-element-7886c035 e-con-full elementor-hidden-desktop elementor-hidden-laptop elementor-hidden-tablet_extra elementor-hidden-tablet elementor-hidden-mobile_extra elementor-hidden-mobile e-flex e-con e-parent\" data-id=\"7886c035\" data-element_type=\"container\" data-e-type=\"container\">\n\t\t\t\t<div class=\"elementor-element elementor-element-52506e40 elementor-widget elementor-widget-Video Popup\" data-id=\"52506e40\" data-element_type=\"widget\" data-e-type=\"widget\" data-widget_type=\"Video Popup.default\">\n\t\t\t\t<div class=\"elementor-widget-container\">\n\t\t\t\t\t<a class=\"youtube-popup\" href=\"https:\/\/www.youtube.com\/watch?v=xPPLbEFbCAo\"><p class=\"video-text\">Play Video<\/p><\/a><div class=\"tt-video text-start\"><div class=\"swiper-js-container\"><div class=\"swiper video swiper-video\" data-id=\"video\"><div  ><\/div><\/div><\/div><img decoding=\"async\" src=\"https:\/\/xefnomada.com\/wp-content\/uploads\/2023\/10\/video-3.jpg\" title=\"video\" alt=\"video\" loading=\"lazy\" \/><\/div>\t\t\t\t<\/div>\n\t\t\t\t<\/div>\n\t\t\t\t<\/div>\n\t\t\t\t<\/div>\n\t\t","protected":false},"excerpt":{"rendered":"<p>Cocinar es un Espect\u00e1culo, Degustarlo es un Viaje El servicio de Showcooking de Xef N\u00f3mada transforma la cocina en una [&hellip;]<\/p>\n","protected":false},"author":1,"featured_media":0,"parent":0,"menu_order":0,"comment_status":"closed","ping_status":"closed","template":"","meta":{"footnotes":""},"class_list":["post-303","page","type-page","status-publish","hentry"],"yoast_head":"<!-- This site is optimized with the Yoast SEO plugin v27.3 - https:\/\/yoast.com\/product\/yoast-seo-wordpress\/ -->\n<title>Showcooking - Xef Nomada<\/title>\n<meta name=\"robots\" content=\"index, follow, max-snippet:-1, max-image-preview:large, max-video-preview:-1\" \/>\n<link rel=\"canonical\" href=\"https:\/\/xefnomada.com\/?page_id=303\" \/>\n<meta property=\"og:locale\" content=\"es_ES\" \/>\n<meta property=\"og:type\" content=\"article\" \/>\n<meta property=\"og:title\" content=\"Showcooking - Xef Nomada\" \/>\n<meta property=\"og:description\" content=\"Cocinar es un Espect\u00e1culo, Degustarlo es un Viaje El servicio de Showcooking de Xef N\u00f3mada transforma la cocina en una [&hellip;]\" \/>\n<meta property=\"og:url\" content=\"https:\/\/xefnomada.com\/?page_id=303\" \/>\n<meta property=\"og:site_name\" content=\"Xef Nomada\" \/>\n<meta property=\"article:modified_time\" content=\"2025-02-10T12:32:23+00:00\" \/>\n<meta property=\"og:image\" content=\"https:\/\/xefnomada.com\/wp-content\/uploads\/2025\/02\/showcooking-768x1024.jpg\" \/>\n<meta name=\"twitter:card\" content=\"summary_large_image\" \/>\n<meta name=\"twitter:label1\" content=\"Tiempo de lectura\" \/>\n\t<meta name=\"twitter:data1\" content=\"1 minuto\" \/>\n<script type=\"application\/ld+json\" class=\"yoast-schema-graph\">{\"@context\":\"https:\\\/\\\/schema.org\",\"@graph\":[{\"@type\":\"WebPage\",\"@id\":\"https:\\\/\\\/xefnomada.com\\\/?page_id=303\",\"url\":\"https:\\\/\\\/xefnomada.com\\\/?page_id=303\",\"name\":\"Showcooking - Xef Nomada\",\"isPartOf\":{\"@id\":\"https:\\\/\\\/xefnomada.com\\\/#website\"},\"primaryImageOfPage\":{\"@id\":\"https:\\\/\\\/xefnomada.com\\\/?page_id=303#primaryimage\"},\"image\":{\"@id\":\"https:\\\/\\\/xefnomada.com\\\/?page_id=303#primaryimage\"},\"thumbnailUrl\":\"https:\\\/\\\/xefnomada.com\\\/wp-content\\\/uploads\\\/2025\\\/02\\\/showcooking-768x1024.jpg\",\"datePublished\":\"2023-10-24T04:44:09+00:00\",\"dateModified\":\"2025-02-10T12:32:23+00:00\",\"breadcrumb\":{\"@id\":\"https:\\\/\\\/xefnomada.com\\\/?page_id=303#breadcrumb\"},\"inLanguage\":\"es\",\"potentialAction\":[{\"@type\":\"ReadAction\",\"target\":[\"https:\\\/\\\/xefnomada.com\\\/?page_id=303\"]}]},{\"@type\":\"ImageObject\",\"inLanguage\":\"es\",\"@id\":\"https:\\\/\\\/xefnomada.com\\\/?page_id=303#primaryimage\",\"url\":\"https:\\\/\\\/xefnomada.com\\\/wp-content\\\/uploads\\\/2025\\\/02\\\/showcooking.jpg\",\"contentUrl\":\"https:\\\/\\\/xefnomada.com\\\/wp-content\\\/uploads\\\/2025\\\/02\\\/showcooking.jpg\",\"width\":1536,\"height\":2048,\"caption\":\"Xef Nomada Julian Mascarell en un showcooking\"},{\"@type\":\"BreadcrumbList\",\"@id\":\"https:\\\/\\\/xefnomada.com\\\/?page_id=303#breadcrumb\",\"itemListElement\":[{\"@type\":\"ListItem\",\"position\":1,\"name\":\"Portada\",\"item\":\"https:\\\/\\\/xefnomada.com\\\/\"},{\"@type\":\"ListItem\",\"position\":2,\"name\":\"Showcooking\"}]},{\"@type\":\"WebSite\",\"@id\":\"https:\\\/\\\/xefnomada.com\\\/#website\",\"url\":\"https:\\\/\\\/xefnomada.com\\\/\",\"name\":\"Xef Nomada\",\"description\":\"by Juli\u00e1n Mascarell\",\"potentialAction\":[{\"@type\":\"SearchAction\",\"target\":{\"@type\":\"EntryPoint\",\"urlTemplate\":\"https:\\\/\\\/xefnomada.com\\\/?s={search_term_string}\"},\"query-input\":{\"@type\":\"PropertyValueSpecification\",\"valueRequired\":true,\"valueName\":\"search_term_string\"}}],\"inLanguage\":\"es\"}]}<\/script>\n<!-- \/ Yoast SEO plugin. -->","yoast_head_json":{"title":"Showcooking - Xef Nomada","robots":{"index":"index","follow":"follow","max-snippet":"max-snippet:-1","max-image-preview":"max-image-preview:large","max-video-preview":"max-video-preview:-1"},"canonical":"https:\/\/xefnomada.com\/?page_id=303","og_locale":"es_ES","og_type":"article","og_title":"Showcooking - Xef Nomada","og_description":"Cocinar es un Espect\u00e1culo, Degustarlo es un Viaje El servicio de Showcooking de Xef N\u00f3mada transforma la cocina en una [&hellip;]","og_url":"https:\/\/xefnomada.com\/?page_id=303","og_site_name":"Xef Nomada","article_modified_time":"2025-02-10T12:32:23+00:00","og_image":[{"url":"https:\/\/xefnomada.com\/wp-content\/uploads\/2025\/02\/showcooking-768x1024.jpg","type":"","width":"","height":""}],"twitter_card":"summary_large_image","twitter_misc":{"Tiempo de lectura":"1 minuto"},"schema":{"@context":"https:\/\/schema.org","@graph":[{"@type":"WebPage","@id":"https:\/\/xefnomada.com\/?page_id=303","url":"https:\/\/xefnomada.com\/?page_id=303","name":"Showcooking - Xef Nomada","isPartOf":{"@id":"https:\/\/xefnomada.com\/#website"},"primaryImageOfPage":{"@id":"https:\/\/xefnomada.com\/?page_id=303#primaryimage"},"image":{"@id":"https:\/\/xefnomada.com\/?page_id=303#primaryimage"},"thumbnailUrl":"https:\/\/xefnomada.com\/wp-content\/uploads\/2025\/02\/showcooking-768x1024.jpg","datePublished":"2023-10-24T04:44:09+00:00","dateModified":"2025-02-10T12:32:23+00:00","breadcrumb":{"@id":"https:\/\/xefnomada.com\/?page_id=303#breadcrumb"},"inLanguage":"es","potentialAction":[{"@type":"ReadAction","target":["https:\/\/xefnomada.com\/?page_id=303"]}]},{"@type":"ImageObject","inLanguage":"es","@id":"https:\/\/xefnomada.com\/?page_id=303#primaryimage","url":"https:\/\/xefnomada.com\/wp-content\/uploads\/2025\/02\/showcooking.jpg","contentUrl":"https:\/\/xefnomada.com\/wp-content\/uploads\/2025\/02\/showcooking.jpg","width":1536,"height":2048,"caption":"Xef Nomada Julian Mascarell en un showcooking"},{"@type":"BreadcrumbList","@id":"https:\/\/xefnomada.com\/?page_id=303#breadcrumb","itemListElement":[{"@type":"ListItem","position":1,"name":"Portada","item":"https:\/\/xefnomada.com\/"},{"@type":"ListItem","position":2,"name":"Showcooking"}]},{"@type":"WebSite","@id":"https:\/\/xefnomada.com\/#website","url":"https:\/\/xefnomada.com\/","name":"Xef Nomada","description":"by Juli\u00e1n Mascarell","potentialAction":[{"@type":"SearchAction","target":{"@type":"EntryPoint","urlTemplate":"https:\/\/xefnomada.com\/?s={search_term_string}"},"query-input":{"@type":"PropertyValueSpecification","valueRequired":true,"valueName":"search_term_string"}}],"inLanguage":"es"}]}},"_links":{"self":[{"href":"https:\/\/xefnomada.com\/index.php?rest_route=\/wp\/v2\/pages\/303","targetHints":{"allow":["GET"]}}],"collection":[{"href":"https:\/\/xefnomada.com\/index.php?rest_route=\/wp\/v2\/pages"}],"about":[{"href":"https:\/\/xefnomada.com\/index.php?rest_route=\/wp\/v2\/types\/page"}],"author":[{"embeddable":true,"href":"https:\/\/xefnomada.com\/index.php?rest_route=\/wp\/v2\/users\/1"}],"replies":[{"embeddable":true,"href":"https:\/\/xefnomada.com\/index.php?rest_route=%2Fwp%2Fv2%2Fcomments&post=303"}],"version-history":[{"count":68,"href":"https:\/\/xefnomada.com\/index.php?rest_route=\/wp\/v2\/pages\/303\/revisions"}],"predecessor-version":[{"id":3416,"href":"https:\/\/xefnomada.com\/index.php?rest_route=\/wp\/v2\/pages\/303\/revisions\/3416"}],"wp:attachment":[{"href":"https:\/\/xefnomada.com\/index.php?rest_route=%2Fwp%2Fv2%2Fmedia&parent=303"}],"curies":[{"name":"wp","href":"https:\/\/api.w.org\/{rel}","templated":true}]}}